{"id":1084,"date":"2025-09-10T02:13:50","date_gmt":"2025-09-10T12:13:50","guid":{"rendered":"https:\/\/www.lasa.ddec.pf\/?page_id=1084"},"modified":"2025-09-10T02:14:55","modified_gmt":"2025-09-10T12:14:55","slug":"mentions-legales","status":"publish","type":"page","link":"https:\/\/www.lasa.ddec.pf\/index.php\/mentions-legales\/","title":{"rendered":"Mentions l\u00e9gales"},"content":{"rendered":"<p>[et_pb_section fb_built=\u00a0\u00bb1&Prime; _builder_version=\u00a0\u00bb4.27.4&Prime; _module_preset=\u00a0\u00bbdefault\u00a0\u00bb custom_margin=\u00a0\u00bb0px||||false|false\u00a0\u00bb custom_padding=\u00a0\u00bb12px||3px|||\u00a0\u00bb locked=\u00a0\u00bboff\u00a0\u00bb global_colors_info=\u00a0\u00bb{}\u00a0\u00bb theme_builder_area=\u00a0\u00bbpost_content\u00a0\u00bb][et_pb_row custom_padding_last_edited=\u00a0\u00bbon|phone\u00a0\u00bb _builder_version=\u00a0\u00bb4.27.4&Prime; _module_preset=\u00a0\u00bbdefault\u00a0\u00bb background_image=\u00a0\u00bbhttps:\/\/www.lasa.ddec.pf\/wp-content\/uploads\/2025\/09\/mentionslegalesbg.png\u00a0\u00bb background_position=\u00a0\u00bbtop_center\u00a0\u00bb background_vertical_offset=\u00a0\u00bb26%\u00a0\u00bb width=\u00a0\u00bb95%\u00a0\u00bb max_width=\u00a0\u00bb1600px\u00a0\u00bb custom_padding=\u00a0\u00bb100px||100px||true|false\u00a0\u00bb custom_padding_tablet=\u00a0\u00bb100px||100px||true|false\u00a0\u00bb custom_padding_phone=\u00a0\u00bb50px||50px||true|false\u00a0\u00bb border_radii=\u00a0\u00bbon|24px|24px|24px|24px\u00a0\u00bb global_colors_info=\u00a0\u00bb{}\u00a0\u00bb theme_builder_area=\u00a0\u00bbpost_content\u00a0\u00bb][et_pb_column type=\u00a0\u00bb4_4&Prime; _builder_version=\u00a0\u00bb4.27.4&Prime; _module_preset=\u00a0\u00bbdefault\u00a0\u00bb global_colors_info=\u00a0\u00bb{}\u00a0\u00bb theme_builder_area=\u00a0\u00bbpost_content\u00a0\u00bb][et_pb_text _builder_version=\u00a0\u00bb4.27.4&Prime; _module_preset=\u00a0\u00bbdefault\u00a0\u00bb text_font=\u00a0\u00bb|||on|||||\u00a0\u00bb text_text_color=\u00a0\u00bb#FFFFFF\u00a0\u00bb text_font_size=\u00a0\u00bb40px\u00a0\u00bb text_line_height=\u00a0\u00bb1.5em\u00a0\u00bb global_colors_info=\u00a0\u00bb{}\u00a0\u00bb theme_builder_area=\u00a0\u00bbpost_content\u00a0\u00bb]<\/p>\n<p style=\"text-align: center;\">Mentions l\u00e9gales<\/p>\n<p>[\/et_pb_text][\/et_pb_column][\/et_pb_row][\/et_pb_section][et_pb_section fb_built=\u00a0\u00bb1&Prime; _builder_version=\u00a0\u00bb4.27.4&Prime; _module_preset=\u00a0\u00bbdefault\u00a0\u00bb background_image=\u00a0\u00bbhttps:\/\/www.lasa.ddec.pf\/wp-content\/uploads\/2025\/09\/Group-1.png\u00a0\u00bb background_size=\u00a0\u00bbcontain\u00a0\u00bb custom_padding=\u00a0\u00bb36px|||||\u00a0\u00bb global_colors_info=\u00a0\u00bb{}\u00a0\u00bb theme_builder_area=\u00a0\u00bbpost_content\u00a0\u00bb][et_pb_row _builder_version=\u00a0\u00bb4.27.4&Prime; _module_preset=\u00a0\u00bbdefault\u00a0\u00bb global_colors_info=\u00a0\u00bb{}\u00a0\u00bb theme_builder_area=\u00a0\u00bbpost_content\u00a0\u00bb][et_pb_column type=\u00a0\u00bb4_4&Prime; _builder_version=\u00a0\u00bb4.27.4&Prime; _module_preset=\u00a0\u00bbdefault\u00a0\u00bb global_colors_info=\u00a0\u00bb{}\u00a0\u00bb theme_builder_area=\u00a0\u00bbpost_content\u00a0\u00bb][et_pb_text _builder_version=\u00a0\u00bb4.27.4&Prime; _module_preset=\u00a0\u00bbdefault\u00a0\u00bb global_colors_info=\u00a0\u00bb{}\u00a0\u00bb theme_builder_area=\u00a0\u00bbpost_content\u00a0\u00bb]<\/p>\n<h2 data-start=\"397\" data-end=\"419\"><strong data-start=\"400\" data-end=\"419\">\u00c9diteur du site<\/strong><\/h2>\n<p data-start=\"421\" data-end=\"497\"><strong data-start=\"421\" data-end=\"447\">Nom de l\u2019\u00e9tablissement<\/strong> :Lyc\u00e9e Saint Athanase, Les marquises.<\/p>\n<p data-start=\"499\" data-end=\"583\"><strong data-start=\"499\" data-end=\"510\">Adresse<\/strong> :\u00a0<\/p>\n<p data-start=\"585\" data-end=\"619\"><strong data-start=\"585\" data-end=\"598\">T\u00e9l\u00e9phone<\/strong> : +689 [\u00e0 compl\u00e9ter]<\/p>\n<p data-start=\"621\" data-end=\"693\"><strong data-start=\"621\" data-end=\"639\">Adresse e-mail<\/strong> : <a data-start=\"642\" data-end=\"693\" class=\"cursor-pointer\" rel=\"noopener\">contact@lasa.ddec.pf<\/a><\/p>\n<p data-start=\"695\" data-end=\"779\"><strong data-start=\"695\" data-end=\"726\">Directeur de la publication<\/strong> : [Nom du Chef d\u2019\u00e9tablissement ou Responsable l\u00e9gal]<\/p>\n<p data-start=\"781\" data-end=\"834\"><strong data-start=\"781\" data-end=\"812\">Responsable de la r\u00e9daction<\/strong> : [Nom, si diff\u00e9rent]<\/p>\n<h2 data-start=\"841\" data-end=\"867\"><strong data-start=\"844\" data-end=\"867\">H\u00e9bergement du site<\/strong><\/h2>\n<p data-start=\"869\" data-end=\"930\"><strong data-start=\"869\" data-end=\"882\">H\u00e9bergeur<\/strong> : [Nom de l\u2019h\u00e9bergeur, ex. OVH, Scaleway, etc.]<\/p>\n<p data-start=\"932\" data-end=\"979\"><strong data-start=\"932\" data-end=\"943\">Adresse<\/strong> : [Adresse compl\u00e8te de l\u2019h\u00e9bergeur]<\/p>\n<p data-start=\"981\" data-end=\"1023\"><strong data-start=\"981\" data-end=\"994\">T\u00e9l\u00e9phone<\/strong> : [T\u00e9l\u00e9phone de l\u2019h\u00e9bergeur]<\/p>\n<p data-start=\"1025\" data-end=\"1060\"><strong data-start=\"1025\" data-end=\"1037\">Site web<\/strong> : [URL de l\u2019h\u00e9bergeur]<\/p>\n<h2 data-start=\"1067\" data-end=\"1101\"><strong data-start=\"1070\" data-end=\"1101\">Conception et d\u00e9veloppement<\/strong><\/h2>\n<p data-start=\"1103\" data-end=\"1179\"><strong data-start=\"1103\" data-end=\"1130\">Webmaster \/ D\u00e9veloppeur<\/strong> : [Nom ou entreprise en charge du d\u00e9veloppement]<\/p>\n<p data-start=\"1181\" data-end=\"1227\"><strong data-start=\"1181\" data-end=\"1192\">Contact<\/strong> : [email ou formulaire de contact]<\/p>\n<h2 data-start=\"1234\" data-end=\"1265\"><strong data-start=\"1237\" data-end=\"1265\">Propri\u00e9t\u00e9 intellectuelle<\/strong><\/h2>\n<p data-start=\"1267\" data-end=\"1668\">L\u2019ensemble des contenus (textes, images, vid\u00e9os, documents, etc.) pr\u00e9sents sur ce site sont la propri\u00e9t\u00e9 exclusive de La Salle Anne-Marie ou de leurs auteurs respectifs. Toute reproduction, repr\u00e9sentation, modification, publication ou adaptation, totale ou partielle, de ces contenus, quel que soit le moyen ou le proc\u00e9d\u00e9 utilis\u00e9, est interdite sans l\u2019autorisation \u00e9crite pr\u00e9alable de l\u2019\u00e9tablissement.<\/p>\n<h2 data-start=\"1675\" data-end=\"1717\"><strong data-start=\"1678\" data-end=\"1717\">Protection des donn\u00e9es personnelles<\/strong><\/h2>\n<p data-start=\"1719\" data-end=\"1916\">Ce site est conforme au <strong data-start=\"1743\" data-end=\"1801\">R\u00e8glement G\u00e9n\u00e9ral sur la Protection des Donn\u00e9es (RGPD)<\/strong> ainsi qu&rsquo;\u00e0 la <strong data-start=\"1816\" data-end=\"1858\">loi n\u00b078-17 du 6 janvier 1978 modifi\u00e9e<\/strong>, relative \u00e0 l\u2019informatique, aux fichiers et aux libert\u00e9s.<\/p>\n<p data-start=\"1918\" data-end=\"1990\"><strong data-start=\"1918\" data-end=\"1947\">Responsable du traitement<\/strong> : [Nom et contact du DPO ou r\u00e9f\u00e9rent RGPD]<\/p>\n<p data-start=\"1992\" data-end=\"2238\">Les donn\u00e9es collect\u00e9es via les formulaires de contact ou de pr\u00e9inscription ne sont utilis\u00e9es que dans le cadre strict de la relation entre l\u2019\u00e9tablissement et les usagers (\u00e9l\u00e8ves, familles, candidats, etc.). Elles ne sont ni vendues, ni \u00e9chang\u00e9es.<\/p>\n<p data-start=\"2240\" data-end=\"2435\">Vous disposez d\u2019un droit d\u2019acc\u00e8s, de rectification, de suppression et d\u2019opposition au traitement de vos donn\u00e9es. Pour exercer ces droits, vous pouvez contacter : [email RGPD ou formulaire d\u00e9di\u00e9].<\/p>\n<h2 data-start=\"2442\" data-end=\"2456\"><strong data-start=\"2445\" data-end=\"2456\">Cookies<\/strong><\/h2>\n<p data-start=\"2458\" data-end=\"2586\">Le site peut d\u00e9poser des <strong data-start=\"2483\" data-end=\"2494\">cookies<\/strong> \u00e0 des fins de statistiques de visite (Google Analytics ou \u00e9quivalent) ou de fonctionnement.<\/p>\n<p data-start=\"2588\" data-end=\"2735\">Lors de votre premi\u00e8re visite, un bandeau vous informe de la pr\u00e9sence de cookies. Vous pouvez les accepter, les refuser ou personnaliser vos choix.<\/p>\n<h2 data-start=\"2742\" data-end=\"2763\"><strong data-start=\"2745\" data-end=\"2763\">Responsabilit\u00e9<\/strong><\/h2>\n<p data-start=\"2765\" data-end=\"3081\">Le lyc\u00e9e Saint-Athanase s&rsquo;efforce de fournir sur ce site des informations aussi pr\u00e9cises que possible. Toutefois, elle ne pourra \u00eatre tenue responsable des omissions, des inexactitudes ou des carences dans la mise \u00e0 jour, qu\u2019elles soient de son fait ou du fait des tiers partenaires qui lui fournissent ces informations.<\/p>\n<h2 data-start=\"3088\" data-end=\"3111\"><strong data-start=\"3091\" data-end=\"3111\">Droit applicable<\/strong><\/h2>\n<p data-start=\"3113\" data-end=\"3244\">Le site est r\u00e9gi par le droit polyn\u00e9sien et fran\u00e7ais. En cas de litige, les tribunaux comp\u00e9tents seront ceux du ressort de Papeete.<\/p>\n<p>[\/et_pb_text][\/et_pb_column][\/et_pb_row][\/et_pb_section]<\/p>\n","protected":false},"excerpt":{"rendered":"<p>Mentions l\u00e9gales\u00c9diteur du site Nom de l\u2019\u00e9tablissement :Lyc\u00e9e Saint Athanase, Les marquises. Adresse :\u00a0 T\u00e9l\u00e9phone : +689 [\u00e0 compl\u00e9ter] Adresse e-mail : contact@lasa.ddec.pf Directeur de la publication : [Nom du Chef d\u2019\u00e9tablissement ou Responsable l\u00e9gal] Responsable de la r\u00e9daction : [Nom, si diff\u00e9rent] H\u00e9bergement du site H\u00e9bergeur : [Nom de l\u2019h\u00e9bergeur, ex. OVH, Scaleway, etc.] [&hellip;]<\/p>\n","protected":false},"author":13,"featured_media":0,"parent":0,"menu_order":0,"comment_status":"closed","ping_status":"closed","template":"","meta":{"_et_pb_use_builder":"on","_et_pb_old_content":"","_et_gb_content_width":"","footnotes":""},"class_list":["post-1084","page","type-page","status-publish","hentry"],"_links":{"self":[{"href":"https:\/\/www.lasa.ddec.pf\/index.php\/wp-json\/wp\/v2\/pages\/1084","targetHints":{"allow":["GET"]}}],"collection":[{"href":"https:\/\/www.lasa.ddec.pf\/index.php\/wp-json\/wp\/v2\/pages"}],"about":[{"href":"https:\/\/www.lasa.ddec.pf\/index.php\/wp-json\/wp\/v2\/types\/page"}],"author":[{"embeddable":true,"href":"https:\/\/www.lasa.ddec.pf\/index.php\/wp-json\/wp\/v2\/users\/13"}],"replies":[{"embeddable":true,"href":"https:\/\/www.lasa.ddec.pf\/index.php\/wp-json\/wp\/v2\/comments?post=1084"}],"version-history":[{"count":3,"href":"https:\/\/www.lasa.ddec.pf\/index.php\/wp-json\/wp\/v2\/pages\/1084\/revisions"}],"predecessor-version":[{"id":1087,"href":"https:\/\/www.lasa.ddec.pf\/index.php\/wp-json\/wp\/v2\/pages\/1084\/revisions\/1087"}],"wp:attachment":[{"href":"https:\/\/www.lasa.ddec.pf\/index.php\/wp-json\/wp\/v2\/media?parent=1084"}],"curies":[{"name":"wp","href":"https:\/\/api.w.org\/{rel}","templated":true}]}}